{"id":4528,"date":"2013-12-04T15:30:22","date_gmt":"2013-12-04T15:30:22","guid":{"rendered":"http:\/\/www.urzainqui.com\/index.php\/home-6\/"},"modified":"2015-12-17T15:51:48","modified_gmt":"2015-12-17T15:51:48","slug":"inicio","status":"publish","type":"page","link":"https:\/\/www.urzainqui.com\/","title":{"rendered":"Inicio"},"content":{"rendered":"<div  class=\"vc_row wpb_row vc_row-fluid\">\n\t<div class=\"vc_col-sm-3 wpb_column vc_column_container \">\n\t\t<div class=\"wpb_wrapper\">\n\t\t\t<a class=\"text_icon_block-1 \" href=\"http:\/\/www.urzainqui.com\/index.php\/seguros-particulares\/\"><span class=\"tib_icon_wrapper\"><span class=\"tib_icon icon-road\"><\/span><\/span><span class=\"tib_title\">SEGUROS DE COCHE<\/span><span class=\"tib_content\"><\/p>\n<p><\/span><\/a>\n\t\t<\/div> \n\t<\/div> \n\n\t<div class=\"vc_col-sm-3 wpb_column vc_column_container \">\n\t\t<div class=\"wpb_wrapper\">\n\t\t\t<a class=\"text_icon_block-1 \" href=\"http:\/\/www.urzainqui.com\/index.php\/seguros-particulares\/\"><span class=\"tib_icon_wrapper\"><span class=\"tib_icon icon-flag-checkered\"><\/span><\/span><span class=\"tib_title\">SEGUROS DE MOTO<\/span><span class=\"tib_content\"><\/span><\/a>\n\t\t<\/div> \n\t<\/div> \n\n\t<div class=\"vc_col-sm-3 wpb_column vc_column_container \">\n\t\t<div class=\"wpb_wrapper\">\n\t\t\t<a class=\"text_icon_block-1 \" href=\"http:\/\/www.urzainqui.com\/index.php\/seguros-personales\/\"><span class=\"tib_icon_wrapper\"><span class=\"tib_icon icon-user\"><\/span><\/span><span class=\"tib_title\">SEGUROS DE VIDA<\/span><span class=\"tib_content\"><\/p>\n<p><\/span><\/a>\n\t\t<\/div> \n\t<\/div> \n\n\t<div class=\"vc_col-sm-3 wpb_column vc_column_container \">\n\t\t<div class=\"wpb_wrapper\">\n\t\t\t<a class=\"text_icon_block-1 \" href=\"http:\/\/www.urzainqui.com\/index.php\/seguros-particulares\/\"><span class=\"tib_icon_wrapper\"><span class=\"tib_icon icon-home\"><\/span><\/span><span class=\"tib_title\">SEGUROS DE HOGAR<\/span><span class=\"tib_content\"><\/p>\n<p><\/span><\/a>\n\t\t<\/div> \n\t<\/div> \n<\/div>\t<div  class=\"vc_row wpb_row vc_row-fluid vc_custom_1442828240809\" data-vc-full-width=\"true\" data-vc-full-width-init=\"false\" >\n\t<div class=\"vc_col-sm-6 wpb_column vc_column_container \">\n\t\t<div class=\"wpb_wrapper\">\n\t\t\t<h1  style=\"text-align:left;\" >Con\u00f3cenos<\/h1><div class=\"\"><p>Urzainqui Corredur\u00eda de Seguros cuenta con un equipo profesional que trabaja conforme a valores basados en la integridad y en el esfuerzo por lograr el mejor producto para cada uno de nuestros clientes.<\/p>\n<p><strong>Conf\u00ede en nosotros, en Urzainqui Corredur\u00eda de Seguros usted es lo primero.<\/strong><\/p>\n<\/div>\t<div class=\"vc_btn3-container vc_btn3-left\"><a class=\"vc_general vc_btn3 vc_btn3-size-sm vc_btn3-shape-rounded vc_btn3-style-classic vc_btn3-color-danger\"\n\t     href=\"http:\/\/37.59.145.28\/~urzainqui\/index.php\/quienes-somos\/\"\n\t     title=\"\"\n\t     target=\"_self\"\n\t>SABER M\u00c1S<\/a><\/div>\n\n\t\t<\/div> \n\t<\/div> \n\n\t<div class=\"vc_col-sm-6 wpb_column vc_column_container \">\n\t\t<div class=\"wpb_wrapper\">\n\t\t\t<h1  style=\"text-align:left;\" >Nuestras Ventajas<\/h1><div class=\"\"><\/p>\n<p>Ofrecemos a nuestros clientes un asesoramiento independiente, libre de v\u00ednculos respecto a cualquier compa\u00f1\u00eda aseguradora. Asesoramos al tomador del seguro de las coberturas que, entre las existentes en el mercado, mejor se adapten al interesado de manera particular. Somos, por tanto, un asesor imparcial e independiente de cuyos conocimientos y servicios se beneficia el tomador del seguro.<\/p>\n<p>\n<\/div>\t<div class=\"vc_btn3-container vc_btn3-left\"><a class=\"vc_general vc_btn3 vc_btn3-size-sm vc_btn3-shape-rounded vc_btn3-style-classic vc_btn3-color-danger\"\n\t     href=\"http:\/\/37.59.145.28\/~urzainqui\/index.php\/nuestras-ventajas\/\"\n\t     title=\"\"\n\t     target=\"_self\"\n\t>SABER M\u00c1S<\/a><\/div>\n\n\t\t<\/div> \n\t<\/div> \n<\/div><div class=\"vc_row-full-width\"><\/div>\t<div  class=\"vc_row wpb_row vc_row-fluid\">\n\t<div class=\"vc_col-sm-12 wpb_column vc_column_container \">\n\t\t<div class=\"wpb_wrapper\">\n\t\t\t<h3>En Urzainqui trabajamos con las aseguradoras l\u00edderes del Sector<\/h3><div class=\"client_logo_slider_wrapper clearfix \"><div class=\"clearfix cls_controls\"><a href=\"\" class=\"btn_prev\">Prev<\/a><a href=\"\" class=\"btn_next\">Next<\/a><\/div><ul class=\"client_logo_slider\" data-autoscroll=\"1\"><li><img src=\"http:\/\/www.urzainqui.com\/wp-content\/uploads\/freshizer\/25ad4501c07f29b0b8bfeb4302d15804_dkv-0-65-c.jpg\" alt=\"\"><\/li><li><img src=\"http:\/\/www.urzainqui.com\/wp-content\/uploads\/freshizer\/666bac84f1eeedf114c912a4623cea62_mapfre-0-65-c.jpg\" alt=\"\"><\/li><li><img src=\"http:\/\/www.urzainqui.com\/wp-content\/uploads\/freshizer\/138901722c51c9546e0030633e9c6f97_allianz-0-65-c.jpg\" alt=\"\"><\/li><li><img src=\"http:\/\/www.urzainqui.com\/wp-content\/uploads\/freshizer\/21b7c29e1419a8fc2d71dce140b40855_asegrup-0-65-c.jpg\" alt=\"\"><\/li><li><img src=\"http:\/\/www.urzainqui.com\/wp-content\/uploads\/freshizer\/c201a2d33ef77afbe6bf93394f770950_caser-0-65-c.jpg\" alt=\"\"><\/li><li><img src=\"http:\/\/www.urzainqui.com\/wp-content\/uploads\/freshizer\/1211351182a82553a4387a320e91be6b_fiatc-0-65-c.jpg\" alt=\"\"><\/li><li><img src=\"http:\/\/www.urzainqui.com\/wp-content\/uploads\/freshizer\/902c0a46f9d1ff5abf400c5daaf5cc53_helvetia-0-65-c.jpg\" alt=\"\"><\/li><li><img src=\"http:\/\/www.urzainqui.com\/wp-content\/uploads\/freshizer\/12fcb4f65b4f100763f978c56b769fc7_lagunaro-0-65-c.jpg\" alt=\"\"><\/li><li><img src=\"http:\/\/www.urzainqui.com\/wp-content\/uploads\/freshizer\/18f4aa74d5a55041c45def0f32d616ed_pelayo-0-65-c.jpg\" alt=\"\"><\/li><li><img src=\"http:\/\/www.urzainqui.com\/wp-content\/uploads\/freshizer\/cac66de8787d26343116a3ca099a518c_surne-0-65-c.jpg\" alt=\"\"><\/li><\/ul><\/div>\n\t\t<\/div> \n\t<\/div> \n<\/div>\n","protected":false},"excerpt":{"rendered":"SEGUROS DE COCHE SEGUROS DE MOTO SEGUROS DE VIDA SEGUROS DE HOGAR Con\u00f3cenosUrzainqui Corredur\u00eda de Seguros cuenta con un equipo profesional que trabaja conforme a valores basados en la integridad y en el esfuerzo por lograr el mejor producto para cada uno de nuestros clientes. Conf\u00ede en nosotros, en Urzainqui Corredur\u00eda de Seguros usted es [...]","protected":false},"author":1,"featured_media":0,"parent":0,"menu_order":0,"comment_status":"open","ping_status":"closed","template":"","meta":[],"_links":{"self":[{"href":"https:\/\/www.urzainqui.com\/index.php\/wp-json\/wp\/v2\/pages\/4528"}],"collection":[{"href":"https:\/\/www.urzainqui.com\/index.php\/wp-json\/wp\/v2\/pages"}],"about":[{"href":"https:\/\/www.urzainqui.com\/index.php\/wp-json\/wp\/v2\/types\/page"}],"author":[{"embeddable":true,"href":"https:\/\/www.urzainqui.com\/index.php\/wp-json\/wp\/v2\/users\/1"}],"replies":[{"embeddable":true,"href":"https:\/\/www.urzainqui.com\/index.php\/wp-json\/wp\/v2\/comments?post=4528"}],"version-history":[{"count":67,"href":"https:\/\/www.urzainqui.com\/index.php\/wp-json\/wp\/v2\/pages\/4528\/revisions"}],"predecessor-version":[{"id":4846,"href":"https:\/\/www.urzainqui.com\/index.php\/wp-json\/wp\/v2\/pages\/4528\/revisions\/4846"}],"wp:attachment":[{"href":"https:\/\/www.urzainqui.com\/index.php\/wp-json\/wp\/v2\/media?parent=4528"}],"curies":[{"name":"wp","href":"https:\/\/api.w.org\/{rel}","templated":true}]}}