{"id":4751,"date":"2015-10-08T06:38:36","date_gmt":"2015-10-08T06:38:36","guid":{"rendered":"http:\/\/www.urzainqui.com\/?page_id=4751"},"modified":"2015-12-16T11:50:57","modified_gmt":"2015-12-16T11:50:57","slug":"nuestras-ventajas","status":"publish","type":"page","link":"https:\/\/www.urzainqui.com\/index.php\/nuestras-ventajas\/","title":{"rendered":"Nuestras ventajas"},"content":{"rendered":"\t<div  class=\"vc_row wpb_row vc_row-fluid\">\n\t<div class=\"vc_col-sm-6 wpb_column vc_column_container \">\n\t\t<div class=\"wpb_wrapper\">\n\t\t\t<div class=\"\"><p>Ofrecemos a nuestros clientes un asesoramiento independiente, libre de v\u00ednculos respecto a cualquier compa\u00f1\u00eda aseguradora. Asesoramos al tomador del seguro de las coberturas que, entre las existentes en el mercado, mejor se adapten al interesado de manera particular.<\/p>\n<p><strong>Somos, por tanto, un asesor imparcial e independiente de cuyos conocimientos y servicios se beneficia el tomador del seguro.<\/strong><\/p>\n<\/div>\n\t\t<\/div> \n\t<\/div> \n\n\t<div class=\"vc_col-sm-6 wpb_column vc_column_container \">\n\t\t<div class=\"wpb_wrapper\">\n\t\t\t<div class=\"\"><\/p>\n<ul class=\"milista\">\n<li>Trabajamos con las principales compa\u00f1\u00edas de seguros nacionales e internacionales.<\/li>\n<li>No estamos vinculados a ninguna compa\u00f1\u00eda de seguros, gozando de independencia en todas nuestras gestiones.<\/li>\n<li>Garantizamos el mejor precio ofreciendo las mejores coberturas, adem\u00e1s de actualizarlas seg\u00fan las necesidades del asegurado.<\/li>\n<li>Asesoramiento presencial.<\/li>\n<li>Trato exclusivo y personalizado.<\/li>\n<\/ul>\n<p>\n<\/div>\n\t\t<\/div> \n\t<\/div> \n<\/div>\n","protected":false},"excerpt":{"rendered":"Ofrecemos a nuestros clientes un asesoramiento independiente, libre de v\u00ednculos respecto a cualquier compa\u00f1\u00eda aseguradora. Asesoramos al tomador del seguro de las coberturas que, entre las existentes en el mercado, mejor se adapten al interesado de manera particular. Somos, por tanto, un asesor imparcial e independiente de cuyos conocimientos y servicios se beneficia el tomador [...]","protected":false},"author":1,"featured_media":0,"parent":0,"menu_order":0,"comment_status":"open","ping_status":"closed","template":"page-sidebar-right.php","meta":[],"_links":{"self":[{"href":"https:\/\/www.urzainqui.com\/index.php\/wp-json\/wp\/v2\/pages\/4751"}],"collection":[{"href":"https:\/\/www.urzainqui.com\/index.php\/wp-json\/wp\/v2\/pages"}],"about":[{"href":"https:\/\/www.urzainqui.com\/index.php\/wp-json\/wp\/v2\/types\/page"}],"author":[{"embeddable":true,"href":"https:\/\/www.urzainqui.com\/index.php\/wp-json\/wp\/v2\/users\/1"}],"replies":[{"embeddable":true,"href":"https:\/\/www.urzainqui.com\/index.php\/wp-json\/wp\/v2\/comments?post=4751"}],"version-history":[{"count":15,"href":"https:\/\/www.urzainqui.com\/index.php\/wp-json\/wp\/v2\/pages\/4751\/revisions"}],"predecessor-version":[{"id":4806,"href":"https:\/\/www.urzainqui.com\/index.php\/wp-json\/wp\/v2\/pages\/4751\/revisions\/4806"}],"wp:attachment":[{"href":"https:\/\/www.urzainqui.com\/index.php\/wp-json\/wp\/v2\/media?parent=4751"}],"curies":[{"name":"wp","href":"https:\/\/api.w.org\/{rel}","templated":true}]}}